{"id":477,"date":"2022-07-14T12:51:51","date_gmt":"2022-07-14T10:51:51","guid":{"rendered":"https:\/\/hwgress.de\/?page_id=477"},"modified":"2024-11-07T14:31:53","modified_gmt":"2024-11-07T13:31:53","slug":"wasserstoff","status":"publish","type":"page","link":"https:\/\/hwgress.de\/es\/wasserstoff\/","title":{"rendered":"Hidr\u00f3geno"},"content":{"rendered":"<p>El hidr\u00f3geno es un portador energ\u00e9tico de uso universal en el que se han depositado muchas esperanzas para la protecci\u00f3n del clima. Muchos la ven como la soluci\u00f3n universal para un suministro de energ\u00eda sin CO2 en el futuro.<\/p>\n<p>\u00bfPero puede el hidr\u00f3geno satisfacer todas estas demandas? Y sobre todo: \u00bfcon qu\u00e9 rapidez puede tener \u00e9xito el desarrollo de una econom\u00eda del hidr\u00f3geno? \u00bfQu\u00e9 significa esto para la expansi\u00f3n de las energ\u00edas renovables?<\/p>\n<p>El texto publicado en esta p\u00e1gina web analiza de forma cr\u00edtica algunas de las demandas y tendencias en torno al tema del hidr\u00f3geno. El texto completo s\u00f3lo est\u00e1 disponible en la versi\u00f3n alemana.<\/p>\n<p>He aqu\u00ed un breve resumen:<\/p>\n<ul>\n<li>No hay reservas de hidr\u00f3geno. El hidr\u00f3geno es un <strong>portador de energ\u00eda<\/strong> y debe producirse con grandes gastos y p\u00e9rdidas de energ\u00eda utilizando electricidad procedente de fuentes de energ\u00eda renovables.<\/li>\n<li>Esto significa: <strong>mucho hidr\u00f3geno = mucha energ\u00eda e\u00f3lica + mucha energ\u00eda fotovoltaica<\/strong><\/li>\n<li>El hidr\u00f3geno ser\u00e1 escaso hasta 2030 (probablemente incluso hasta 2040).<\/li>\n<li>Hasta entonces, s\u00f3lo una peque\u00f1a parte de los problemas puede resolverse con el hidr\u00f3geno.<\/li>\n<li>Hay que establecer prioridades en otros \u00e1mbitos y traducirlas en medidas.<\/li>\n<\/ul>\n<p>Conclusi\u00f3n: La construcci\u00f3n de una econom\u00eda del hidr\u00f3geno es una tarea importante para el futuro. Sin embargo, esto no nos exime de la obligaci\u00f3n de abordar las medidas, por lo dem\u00e1s necesarias, en el marco de la transici\u00f3n energ\u00e9tica. El hidr\u00f3geno no es una tarea prioritaria que prometa un \u00e9xito a corto plazo.<\/p>\n<p>Los pol\u00edticos deber\u00edan afrontar estas interrelaciones. Las fantas\u00edas sobre un nuevo y valiente mundo de hidr\u00f3geno distraen de la presi\u00f3n actual para actuar y pintan una realidad que no tendr\u00e1 lugar de esta manera.<\/p>\n","protected":false},"excerpt":{"rendered":"<p>El hidr\u00f3geno es un portador energ\u00e9tico de uso universal en el que se han depositado muchas esperanzas para la protecci\u00f3n del clima. Muchos la ven como la soluci\u00f3n universal para un suministro de energ\u00eda sin CO2 en el futuro. \u00bfPero puede el hidr\u00f3geno satisfacer todas estas demandas? Y sobre todo: \u00bfcon qu\u00e9 rapidez puede tener [&hellip;]<\/p>\n","protected":false},"author":1,"featured_media":0,"parent":0,"menu_order":3,"comment_status":"closed","ping_status":"closed","template":"elementor_header_footer","meta":{"ocean_post_layout":"","ocean_both_sidebars_style":"","ocean_both_sidebars_content_width":0,"ocean_both_sidebars_sidebars_width":0,"ocean_sidebar":"0","ocean_second_sidebar":"0","ocean_disable_margins":"enable","ocean_add_body_class":"","ocean_shortcode_before_top_bar":"","ocean_shortcode_after_top_bar":"","ocean_shortcode_before_header":"","ocean_shortcode_after_header":"","ocean_has_shortcode":"","ocean_shortcode_after_title":"","ocean_shortcode_before_footer_widgets":"","ocean_shortcode_after_footer_widgets":"","ocean_shortcode_before_footer_bottom":"","ocean_shortcode_after_footer_bottom":"","ocean_display_top_bar":"default","ocean_display_header":"default","ocean_header_style":"","ocean_center_header_left_menu":"0","ocean_custom_header_template":"0","ocean_custom_logo":0,"ocean_custom_retina_logo":0,"ocean_custom_logo_max_width":0,"ocean_custom_logo_tablet_max_width":0,"ocean_custom_logo_mobile_max_width":0,"ocean_custom_logo_max_height":0,"ocean_custom_logo_tablet_max_height":0,"ocean_custom_logo_mobile_max_height":0,"ocean_header_custom_menu":"0","ocean_menu_typo_font_family":"0","ocean_menu_typo_font_subset":"","ocean_menu_typo_font_size":0,"ocean_menu_typo_font_size_tablet":0,"ocean_menu_typo_font_size_mobile":0,"ocean_menu_typo_font_size_unit":"px","ocean_menu_typo_font_weight":"","ocean_menu_typo_font_weight_tablet":"","ocean_menu_typo_font_weight_mobile":"","ocean_menu_typo_transform":"","ocean_menu_typo_transform_tablet":"","ocean_menu_typo_transform_mobile":"","ocean_menu_typo_line_height":0,"ocean_menu_typo_line_height_tablet":0,"ocean_menu_typo_line_height_mobile":0,"ocean_menu_typo_line_height_unit":"","ocean_menu_typo_spacing":0,"ocean_menu_typo_spacing_tablet":0,"ocean_menu_typo_spacing_mobile":0,"ocean_menu_typo_spacing_unit":"","ocean_menu_link_color":"","ocean_menu_link_color_hover":"","ocean_menu_link_color_active":"","ocean_menu_link_background":"","ocean_menu_link_hover_background":"","ocean_menu_link_active_background":"","ocean_menu_social_links_bg":"","ocean_menu_social_hover_links_bg":"","ocean_menu_social_links_color":"","ocean_menu_social_hover_links_color":"","ocean_disable_title":"default","ocean_disable_heading":"default","ocean_post_title":"","ocean_post_subheading":"","ocean_post_title_style":"","ocean_post_title_background_color":"","ocean_post_title_background":0,"ocean_post_title_bg_image_position":"","ocean_post_title_bg_image_attachment":"","ocean_post_title_bg_image_repeat":"","ocean_post_title_bg_image_size":"","ocean_post_title_height":0,"ocean_post_title_bg_overlay":0.5,"ocean_post_title_bg_overlay_color":"","ocean_disable_breadcrumbs":"default","ocean_breadcrumbs_color":"","ocean_breadcrumbs_separator_color":"","ocean_breadcrumbs_links_color":"","ocean_breadcrumbs_links_hover_color":"","ocean_display_footer_widgets":"default","ocean_display_footer_bottom":"default","ocean_custom_footer_template":"0","footnotes":""},"class_list":["post-477","page","type-page","status-publish","hentry","entry"],"translation":{"provider":"WPGlobus","version":"3.0.0","language":"es","enabled_languages":["de","gb","es"],"languages":{"de":{"title":true,"content":true,"excerpt":false},"gb":{"title":true,"content":true,"excerpt":false},"es":{"title":true,"content":true,"excerpt":false}}},"_links":{"self":[{"href":"https:\/\/hwgress.de\/es\/wp-json\/wp\/v2\/pages\/477","targetHints":{"allow":["GET"]}}],"collection":[{"href":"https:\/\/hwgress.de\/es\/wp-json\/wp\/v2\/pages"}],"about":[{"href":"https:\/\/hwgress.de\/es\/wp-json\/wp\/v2\/types\/page"}],"author":[{"embeddable":true,"href":"https:\/\/hwgress.de\/es\/wp-json\/wp\/v2\/users\/1"}],"replies":[{"embeddable":true,"href":"https:\/\/hwgress.de\/es\/wp-json\/wp\/v2\/comments?post=477"}],"version-history":[{"count":62,"href":"https:\/\/hwgress.de\/es\/wp-json\/wp\/v2\/pages\/477\/revisions"}],"predecessor-version":[{"id":559,"href":"https:\/\/hwgress.de\/es\/wp-json\/wp\/v2\/pages\/477\/revisions\/559"}],"wp:attachment":[{"href":"https:\/\/hwgress.de\/es\/wp-json\/wp\/v2\/media?parent=477"}],"curies":[{"name":"wp","href":"https:\/\/api.w.org\/{rel}","templated":true}]}}