{"id":45,"date":"2019-07-08T19:34:33","date_gmt":"2019-07-08T17:34:33","guid":{"rendered":"http:\/\/5907073614315.hostingkunde.de\/?page_id=45"},"modified":"2024-11-07T14:34:20","modified_gmt":"2024-11-07T13:34:20","slug":"startseite","status":"publish","type":"page","link":"https:\/\/hwgress.de\/es\/","title":{"rendered":"Home"},"content":{"rendered":"<p><a href=\"http:\/\/5907073614315.hostingkunde.de\/wp-content\/uploads\/2019\/07\/P1000426-1.jpg\" data-elementor-open-lightbox=\"yes\" data-elementor-lightbox-title=\"P1000426\"><br \/>\n\t\t\t\t\t\t\t<img loading=\"lazy\" decoding=\"async\" width=\"3184\" height=\"864\" src=\"http:\/\/hwgress.de\/wp-content\/uploads\/2019\/07\/P1000426-1.jpg\" alt=\"\" loading=\"lazy\" srcset=\"https:\/\/hwgress.de\/wp-content\/uploads\/2019\/07\/P1000426-1.jpg 3184w, https:\/\/hwgress.de\/wp-content\/uploads\/2019\/07\/P1000426-1-300x81.jpg 300w, https:\/\/hwgress.de\/wp-content\/uploads\/2019\/07\/P1000426-1-768x208.jpg 768w, https:\/\/hwgress.de\/wp-content\/uploads\/2019\/07\/P1000426-1-1024x278.jpg 1024w\" sizes=\"auto, (max-width: 3184px) 100vw, 3184px\" \/>\t\t\t\t\t\t\t\t<\/a><\/p>\n<h1>Renewable Energies for Future<\/h1>\n<h2><strong>Hans-Werner Gress &#8211; Consultor de Energ\u00edas Renovables\u00a0<\/strong><\/h2>\n<p><b>Perfil breve:\u00a0<br \/><\/b>Desde hace 30 a\u00f1os me he dedicado a las energ\u00edas renovables y la transici\u00f3n energ\u00e9tica, realizando as\u00ed muchos proyectos desde el inicio hasta la gesti\u00f3n de operaciones de plantas. Tema principal era la utilizaci\u00f3n energ\u00e9tica de biomasa, con \u00e9nfasis en biog\u00e1s.\u00a0<\/p>\n<ul style=\"font-variant-ligatures: normal; font-variant-caps: normal; font-family: 'Open Sans', sans-serif; font-size: 14px; font-style: normal; font-weight: 400;\">\n<li style=\"font-size: 14px;\">nacido en 1957<\/li>\n<li style=\"font-size: 14px;\">licenciatura en f\u00edsica (Dipl.-Phys.)\u00a0<\/li>\n<li style=\"font-size: 14px;\">experto de energ\u00edas renovables<\/li>\n<li style=\"font-size: 14px;\">profundo y amplio conocimiento en biog\u00e1s\u00a0<\/li>\n<li style=\"font-size: 14px;\">expericencias internacionales en Ecuador, <br \/>Vietnam,\u00a0M\u00e9xico y Sierra Leone<\/li>\n<\/ul>\n<p>Cooperaci\u00f3n con el Instituto Internacional de An\u00e1lisis y Estrategias de la Sostenibilidad (<a href=\"http:\/\/iinas.org\/about.html\">IINAS<\/a>) en Darmstadt desde 2012. \u00a0\u00a0\t\t<\/p>\n<figure>\n\t\t\t\t\t\t\t\t\t\t<img loading=\"lazy\" decoding=\"async\" width=\"1024\" height=\"1024\" src=\"http:\/\/hwgress.de\/wp-content\/uploads\/2019\/07\/DSC08868ps-1024x1024.jpg\" alt=\"\" loading=\"lazy\" srcset=\"https:\/\/hwgress.de\/wp-content\/uploads\/2019\/07\/DSC08868ps-1024x1024.jpg 1024w, https:\/\/hwgress.de\/wp-content\/uploads\/2019\/07\/DSC08868ps-150x150.jpg 150w, https:\/\/hwgress.de\/wp-content\/uploads\/2019\/07\/DSC08868ps-300x300.jpg 300w, https:\/\/hwgress.de\/wp-content\/uploads\/2019\/07\/DSC08868ps-768x768.jpg 768w, https:\/\/hwgress.de\/wp-content\/uploads\/2019\/07\/DSC08868ps-100x100.jpg 100w\" sizes=\"auto, (max-width: 1024px) 100vw, 1024px\" \/><figcaption>Foto de Meendert Buurman <\/figcaption><\/figure>\n<p>\t\tTrabajaba con ABO Wind desde 2000 hasta marzo 2019. ABO Wind es una de las compa\u00f1ias mas experimentadas en el \u00e1mbito de energ\u00edas renovables en Alemania, con oficinas internacionales en varios pa\u00edses.<br \/>Como\u00a0 miembro de la gerencia era responsable de las divisiones de biog\u00e1s y de cogeneraci\u00f3n.\u00a0<br \/>Desde 1992 hasta 2000 trabajaba con &#8216;Hessen-Energie&#8217;, la agencia de la energ\u00eda del estado Hesse en Alemania, y de 1990 hasta 1992 en una empresa de de ingenier\u00eda de planificaci\u00f3n energ\u00e9tica. En el &#8216;Wissenschaftsladen Kaiserslautern&#8217; era cofundador de un instituto para la medici\u00f3n de la radiactividad ambiental debido a la cat\u00e1strofe de Chern\u00f3bil 1986. Mis estudios de f\u00edsica lo hice en la Universidad de Kaiserslautern, donde era colaborador scient\u00edfico hasta 1985.\t\t<\/p>\n<p style=\"font-variant-ligatures: normal; font-variant-caps: normal; font-family: 'Open Sans', sans-serif; font-size: 14px; font-style: normal;\"><b>LO QUE OFRESCO<\/b><\/p>\n<hr style=\"box-sizing: content-box; min-height: 2px; margin-top: 10px; margin-bottom: 10px; border-width: initial; border-style: none; border-top-color: initial; border-image: initial; background: grey; -webkit-font-smoothing: antialiased; -webkit-tap-highlight-color: transparent; height: 0px !important; color: #000000 !important;\" \/><b>Cooperaci\u00f3n, asistencia y apoyo en cuanto a:\u00a0<\/b><\/p>\n<ul style=\"font-weight: 400; font-size: 16px;\">\n<li style=\"font-size: 16px;\">planificaci\u00f3n y realizaci\u00f3n de proyectos de energ\u00edas renovables<\/li>\n<li style=\"font-size: 16px;\">concepci\u00f3n y implementaci\u00f3n de conceptos de abastecimiento energ\u00e9tico y de medidas para combatir el cambio clim\u00e1tico<\/li>\n<li style=\"font-size: 16px;\">dise\u00f1o t\u00e9cnico de campa\u00f1as<\/li>\n<\/ul>\n<p><b>\u00bfPARA QUIENES?<\/b><\/p>\n<hr style=\"box-sizing: content-box; min-height: 2px; margin-top: 10px; margin-bottom: 10px; border-width: initial; border-style: none; border-top-color: initial; border-image: initial; background: grey; -webkit-font-smoothing: antialiased; -webkit-tap-highlight-color: transparent; height: 0px !important; color: #000000 !important;\" \/>\n<ul style=\"font-weight: 400; font-size: 16px;\">\n<li style=\"border-style: solid; border-color: #333333; line-height: 1.5; font-size: 16px; -webkit-font-smoothing: antialiased; max-width: 100%; -webkit-tap-highlight-color: transparent; direction: ltr; float: none; top: 0px !important; left: 0px !important; position: relative !important; height: auto !important; width: 443px !important; min-width: 0px !important;\" data-uialign=\"left\">GNO\u00a0<br \/>relacionados a la transici\u00f3n energ\u00e9tica y la protecci\u00f3n del clima a nivel local, regional y global\u00a0<\/li>\n<li style=\"border-style: solid; border-color: #333333; line-height: 1.5; font-size: 16px; -webkit-font-smoothing: antialiased; max-width: 100%; -webkit-tap-highlight-color: transparent; direction: ltr; float: none; top: 0px !important; left: 0px !important; position: relative !important; height: auto !important; width: 443px !important; min-width: 0px !important;\" data-uialign=\"left\">empresas\u00a0<br \/>implementaci\u00f3n de proyectos, abastecimiento energ\u00e9tico, venta de plantas y unidades\u00a0\u00a0 \u00a0 \u00a0<\/li>\n<li style=\"border-style: solid; border-color: #333333; line-height: 1.5; font-size: 16px; -webkit-font-smoothing: antialiased; max-width: 100%; -webkit-tap-highlight-color: transparent; direction: ltr; float: none; top: 0px !important; left: 0px !important; position: relative !important; height: auto !important; width: 443px !important; min-width: 0px !important;\" data-uialign=\"left\">agencias gobernamentales\u00a0<br \/>desarrollo de conceptos de abastecimiento energ\u00e9tico y de protecci\u00f3n del clima, proyectos piloto y de demostraci\u00f3n<\/li>\n<li style=\"border-style: solid; border-color: #333333; line-height: 1.5; font-size: 16px; -webkit-font-smoothing: antialiased; max-width: 100%; -webkit-tap-highlight-color: transparent; direction: ltr; float: none; top: 0px !important; left: 0px !important; position: relative !important; height: auto !important; width: 443px !important; min-width: 0px !important;\" data-uialign=\"left\">organicaciones privados<br \/>asociaciones, uniones, fundaciones\u00a0<\/li>\n<\/ul>\n<p>CONOICIMIENTOS PROFESIONALES<\/p>\n<hr id=\"1901839466\" style=\"box-sizing: content-box; min-height: 2px; margin-top: 10px; margin-bottom: 10px; border-width: initial; border-style: none; border-top-color: initial; border-image: initial; background: grey; -webkit-font-smoothing: antialiased; -webkit-tap-highlight-color: transparent; height: 0px !important; color: #000000 !important;\" \/>\n<ul style=\"font-variant-ligatures: normal; font-variant-caps: normal; font-family: 'Open Sans', sans-serif; font-size: 14px; font-style: normal; font-weight: 400;\">\n<li id=\"1742825837\" style=\"border-style: solid; border-color: #333333; font-variant-ligatures: normal; font-variant-caps: normal; line-height: 1.5; font-family: 'Source Sans Pro'; font-size: 16px; font-style: normal; font-weight: 400; -webkit-font-smoothing: antialiased; -webkit-tap-highlight-color: transparent; direction: ltr; width: 410px; color: #111111; transition: opacity 1s ease-in-out 0s; max-width: calc(100% - 0px) !important; float: none !important; top: 0px !important; left: 0px !important; position: relative !important; height: auto !important; min-width: 25px !important;\" data-dmtmpl=\"true\" data-uialign=\"left\">biog\u00e1s<\/li>\n<li id=\"1742825837\" style=\"border-style: solid; border-color: #333333; font-variant-ligatures: normal; font-variant-caps: normal; line-height: 1.5; font-family: 'Source Sans Pro'; font-size: 16px; font-style: normal; font-weight: 400; -webkit-font-smoothing: antialiased; -webkit-tap-highlight-color: transparent; direction: ltr; width: 410px; color: #111111; transition: opacity 1s ease-in-out 0s; max-width: calc(100% - 0px) !important; float: none !important; top: 0px !important; left: 0px !important; position: relative !important; height: auto !important; min-width: 25px !important;\" data-dmtmpl=\"true\" data-uialign=\"left\">tratamiento y purificai\u00f3n de biog\u00e1s<\/li>\n<li id=\"1742825837\" style=\"border-style: solid; border-color: #333333; font-variant-ligatures: normal; font-variant-caps: normal; line-height: 1.5; font-family: 'Source Sans Pro'; font-size: 16px; font-style: normal; font-weight: 400; -webkit-font-smoothing: antialiased; -webkit-tap-highlight-color: transparent; direction: ltr; width: 410px; color: #111111; transition: opacity 1s ease-in-out 0s; max-width: calc(100% - 0px) !important; float: none !important; top: 0px !important; left: 0px !important; position: relative !important; height: auto !important; min-width: 25px !important;\" data-dmtmpl=\"true\" data-uialign=\"left\">biometano<\/li>\n<li id=\"1742825837\" style=\"border-style: solid; border-color: #333333; font-variant-ligatures: normal; font-variant-caps: normal; line-height: 1.5; font-family: 'Source Sans Pro'; font-size: 16px; font-style: normal; font-weight: 400; -webkit-font-smoothing: antialiased; -webkit-tap-highlight-color: transparent; direction: ltr; width: 410px; color: #111111; transition: opacity 1s ease-in-out 0s; max-width: calc(100% - 0px) !important; float: none !important; top: 0px !important; left: 0px !important; position: relative !important; height: auto !important; min-width: 25px !important;\" data-dmtmpl=\"true\" data-uialign=\"left\">bio-GLP<\/li>\n<li id=\"1742825837\" style=\"border-style: solid; border-color: #333333; font-variant-ligatures: normal; font-variant-caps: normal; line-height: 1.5; font-family: 'Source Sans Pro'; font-size: 16px; font-style: normal; font-weight: 400; -webkit-font-smoothing: antialiased; -webkit-tap-highlight-color: transparent; direction: ltr; width: 410px; color: #111111; transition: opacity 1s ease-in-out 0s; max-width: calc(100% - 0px) !important; float: none !important; top: 0px !important; left: 0px !important; position: relative !important; height: auto !important; min-width: 25px !important;\" data-dmtmpl=\"true\" data-uialign=\"left\">materias primas renovables\u00a0<\/li>\n<li id=\"1742825837\" style=\"border-style: solid; border-color: #333333; font-variant-ligatures: normal; font-variant-caps: normal; line-height: 1.5; font-family: 'Source Sans Pro'; font-size: 16px; font-style: normal; font-weight: 400; -webkit-font-smoothing: antialiased; -webkit-tap-highlight-color: transparent; direction: ltr; width: 410px; color: #111111; transition: opacity 1s ease-in-out 0s; max-width: calc(100% - 0px) !important; float: none !important; top: 0px !important; left: 0px !important; position: relative !important; height: auto !important; min-width: 25px !important;\" data-dmtmpl=\"true\" data-uialign=\"left\">tratamiento del material entrante<\/li>\n<li id=\"1742825837\" style=\"border-style: solid; border-color: #333333; font-variant-ligatures: normal; font-variant-caps: normal; line-height: 1.5; font-family: 'Source Sans Pro'; font-size: 16px; font-style: normal; font-weight: 400; -webkit-font-smoothing: antialiased; -webkit-tap-highlight-color: transparent; direction: ltr; width: 410px; transition: opacity 1s ease-in-out 0s; max-width: calc(100% - 0px) !important; float: none !important; top: 0px !important; left: 0px !important; position: relative !important; height: auto !important; min-width: 25px !important;\" data-dmtmpl=\"true\" data-uialign=\"left\">digesti\u00f3n de materiales con lignina y celulosa\u00a0<\/li>\n<li id=\"1742825837\" style=\"border-style: solid; border-color: #333333; font-variant-ligatures: normal; font-variant-caps: normal; line-height: 1.5; font-family: 'Source Sans Pro'; font-size: 16px; font-style: normal; font-weight: 400; -webkit-font-smoothing: antialiased; -webkit-tap-highlight-color: transparent; direction: ltr; width: 410px; color: #111111; transition: opacity 1s ease-in-out 0s; max-width: calc(100% - 0px) !important; float: none !important; top: 0px !important; left: 0px !important; position: relative !important; height: auto !important; min-width: 25px !important;\" data-dmtmpl=\"true\" data-uialign=\"left\">fermentaci\u00f3n de residuos org\u00e1nicos<\/li>\n<li id=\"1742825837\" style=\"border-style: solid; border-color: #333333; font-variant-ligatures: normal; font-variant-caps: normal; line-height: 1.5; font-family: 'Source Sans Pro'; font-size: 16px; font-style: normal; font-weight: 400; -webkit-font-smoothing: antialiased; -webkit-tap-highlight-color: transparent; direction: ltr; width: 410px; color: #111111; transition: opacity 1s ease-in-out 0s; max-width: calc(100% - 0px) !important; float: none !important; top: 0px !important; left: 0px !important; position: relative !important; height: auto !important; min-width: 25px !important;\" data-dmtmpl=\"true\" data-uialign=\"left\">separaci\u00f3n de particulos de pl\u00e1stico<\/li>\n<li id=\"1742825837\" style=\"border-style: solid; border-color: #333333; font-variant-ligatures: normal; font-variant-caps: normal; line-height: 1.5; font-family: 'Source Sans Pro'; font-size: 16px; font-style: normal; font-weight: 400; -webkit-font-smoothing: antialiased; -webkit-tap-highlight-color: transparent; direction: ltr; width: 410px; color: #111111; transition: opacity 1s ease-in-out 0s; max-width: calc(100% - 0px) !important; float: none !important; top: 0px !important; left: 0px !important; position: relative !important; height: auto !important; min-width: 25px !important;\" data-dmtmpl=\"true\" data-uialign=\"left\">energ\u00eda maderera<\/li>\n<li id=\"1742825837\" style=\"border-style: solid; border-color: #333333; font-variant-ligatures: normal; font-variant-caps: normal; line-height: 1.5; font-family: 'Source Sans Pro'; font-size: 16px; font-style: normal; font-weight: 400; -webkit-font-smoothing: antialiased; -webkit-tap-highlight-color: transparent; direction: ltr; width: 410px; color: #111111; transition: opacity 1s ease-in-out 0s; max-width: calc(100% - 0px) !important; float: none !important; top: 0px !important; left: 0px !important; position: relative !important; height: auto !important; min-width: 25px !important;\" data-dmtmpl=\"true\" data-uialign=\"left\">cocinas eficientes y limpias<\/li>\n<li id=\"1742825837\" style=\"border-style: solid; border-color: #333333; font-variant-ligatures: normal; font-variant-caps: normal; line-height: 1.5; font-family: 'Source Sans Pro'; font-size: 16px; font-style: normal; font-weight: 400; -webkit-font-smoothing: antialiased; -webkit-tap-highlight-color: transparent; direction: ltr; width: 410px; color: #111111; transition: opacity 1s ease-in-out 0s; max-width: calc(100% - 0px) !important; float: none !important; top: 0px !important; left: 0px !important; position: relative !important; height: auto !important; min-width: 25px !important;\" data-dmtmpl=\"true\" data-uialign=\"left\">plantas de cogeneraci\u00f3n<\/li>\n<li id=\"1742825837\" style=\"border-style: solid; border-color: #333333; font-variant-ligatures: normal; font-variant-caps: normal; line-height: 1.5; font-family: 'Source Sans Pro'; font-size: 16px; font-style: normal; font-weight: 400; -webkit-font-smoothing: antialiased; -webkit-tap-highlight-color: transparent; direction: ltr; width: 410px; color: #111111; transition: opacity 1s ease-in-out 0s; max-width: calc(100% - 0px) !important; float: none !important; top: 0px !important; left: 0px !important; position: relative !important; height: auto !important; min-width: 25px !important;\" data-dmtmpl=\"true\" data-uialign=\"left\">calefacci\u00f3n local<\/li>\n<li id=\"1742825837\" style=\"border-style: solid; border-color: #333333; font-variant-ligatures: normal; font-variant-caps: normal; line-height: 1.5; font-family: 'Source Sans Pro'; font-size: 16px; font-style: normal; font-weight: 400; -webkit-font-smoothing: antialiased; -webkit-tap-highlight-color: transparent; direction: ltr; width: 410px; color: #111111; transition: opacity 1s ease-in-out 0s; max-width: calc(100% - 0px) !important; float: none !important; top: 0px !important; left: 0px !important; position: relative !important; height: auto !important; min-width: 25px !important;\" data-dmtmpl=\"true\" data-uialign=\"left\">eficiencia energ\u00e9tica<\/li>\n<li id=\"1742825837\" style=\"border-style: solid; border-color: #333333; font-variant-ligatures: normal; font-variant-caps: normal; line-height: 1.5; font-family: 'Source Sans Pro'; font-size: 16px; font-style: normal; font-weight: 400; -webkit-font-smoothing: antialiased; -webkit-tap-highlight-color: transparent; direction: ltr; width: 410px; color: #111111; transition: opacity 1s ease-in-out 0s; max-width: calc(100% - 0px) !important; float: none !important; top: 0px !important; left: 0px !important; position: relative !important; height: auto !important; min-width: 25px !important;\" data-dmtmpl=\"true\" data-uialign=\"left\">bombas de calor<\/li>\n<li id=\"1742825837\" style=\"border-style: solid; border-color: #333333; font-variant-ligatures: normal; font-variant-caps: normal; line-height: 1.5; font-family: 'Source Sans Pro'; font-size: 16px; font-style: normal; font-weight: 400; -webkit-font-smoothing: antialiased; -webkit-tap-highlight-color: transparent; direction: ltr; width: 410px; color: #111111; transition: opacity 1s ease-in-out 0s; max-width: calc(100% - 0px) !important; float: none !important; top: 0px !important; left: 0px !important; position: relative !important; height: auto !important; min-width: 25px !important;\" data-dmtmpl=\"true\" data-uialign=\"left\">instalaciones fotovoltaicos<\/li>\n<li id=\"1742825837\" style=\"border-style: solid; border-color: #333333; font-variant-ligatures: normal; font-variant-caps: normal; line-height: 1.5; font-family: 'Source Sans Pro'; font-size: 16px; font-style: normal; font-weight: 400; -webkit-font-smoothing: antialiased; -webkit-tap-highlight-color: transparent; direction: ltr; width: 410px; color: #111111; transition: opacity 1s ease-in-out 0s; max-width: calc(100% - 0px) !important; float: none !important; top: 0px !important; left: 0px !important; position: relative !important; height: auto !important; min-width: 25px !important;\" data-dmtmpl=\"true\" data-uialign=\"left\">Power-to-hydrogen<\/li>\n<\/ul>\n<p>UTILIZAR EL M\u00c0RGEN DE MANIOBRA<\/p>\n<hr style=\"box-sizing: content-box; min-height: 2px; margin-top: 10px; margin-bottom: 10px; border-width: initial; border-style: none; border-top-color: initial; border-image: initial; background: grey; -webkit-font-smoothing: antialiased; -webkit-tap-highlight-color: transparent; height: 0px !important; color: #000000 !important;\" \/>La protecci\u00f3n del clima exige sistemas energ\u00e9ticos nuevos y inovativos, cuyo implementaci\u00f3n plantea varias cuestiones. \u00bfCuales son los obst\u00e1culos administrativos los que hay que superar?\u00a0\u00bfcuales son los costos en la construcci\u00f3n y la operaci\u00f3n?\u00a0\u00bfesta fiable la tecnolog\u00eda?\u00a0\u00bfcomo son los l\u00edmites del sistema y los puntos de contacto?\u00a0\u00bfhay problemas de aceptaci\u00f3n p\u00fablica?\u00a0\u00bfcomo se puede optimizar las ventajas ecol\u00f3gicas del sistrema y minimizar posibles desventajas?\u00a0Muchos problemas en el camino hacia soluciones nuevas solo se evidencian en consideraci\u00f3n de los detalles. Para evitar fracasos hay que considerar los problemas posibles lo antes posible. Esto requiere diligencia y clairividencia en combinaci\u00f3n con experiencia y conocimiento. Estos son mis puntos fuertos los que les ofrezco en el apoyo y acompa\u00f1amiento de proyectos y procesos..<\/p>\n","protected":false},"excerpt":{"rendered":"<p>Renewable Energies for Future Hans-Werner Gress &#8211; Consultor de Energ\u00edas Renovables\u00a0 Perfil breve:\u00a0Desde hace 30 a\u00f1os me he dedicado a las energ\u00edas renovables y la transici\u00f3n energ\u00e9tica, realizando as\u00ed muchos proyectos desde el inicio hasta la gesti\u00f3n de operaciones de plantas. Tema principal era la utilizaci\u00f3n energ\u00e9tica de biomasa, con \u00e9nfasis en biog\u00e1s.\u00a0 nacido en [&hellip;]<\/p>\n","protected":false},"author":1,"featured_media":42,"parent":0,"menu_order":0,"comment_status":"closed","ping_status":"closed","template":"elementor_header_footer","meta":{"ocean_post_layout":"full-width","ocean_both_sidebars_style":"","ocean_both_sidebars_content_width":0,"ocean_both_sidebars_sidebars_width":0,"ocean_sidebar":"0","ocean_second_sidebar":"0","ocean_disable_margins":"enable","ocean_add_body_class":"","ocean_shortcode_before_top_bar":"","ocean_shortcode_after_top_bar":"","ocean_shortcode_before_header":"","ocean_shortcode_after_header":"","ocean_has_shortcode":"","ocean_shortcode_after_title":"","ocean_shortcode_before_footer_widgets":"","ocean_shortcode_after_footer_widgets":"","ocean_shortcode_before_footer_bottom":"","ocean_shortcode_after_footer_bottom":"","ocean_display_top_bar":"on","ocean_display_header":"on","ocean_header_style":"","ocean_center_header_left_menu":"0","ocean_custom_header_template":"0","ocean_custom_logo":0,"ocean_custom_retina_logo":0,"ocean_custom_logo_max_width":0,"ocean_custom_logo_tablet_max_width":0,"ocean_custom_logo_mobile_max_width":0,"ocean_custom_logo_max_height":0,"ocean_custom_logo_tablet_max_height":0,"ocean_custom_logo_mobile_max_height":0,"ocean_header_custom_menu":"0","ocean_menu_typo_font_family":"0","ocean_menu_typo_font_subset":"","ocean_menu_typo_font_size":0,"ocean_menu_typo_font_size_tablet":0,"ocean_menu_typo_font_size_mobile":0,"ocean_menu_typo_font_size_unit":"px","ocean_menu_typo_font_weight":"","ocean_menu_typo_font_weight_tablet":"","ocean_menu_typo_font_weight_mobile":"","ocean_menu_typo_transform":"","ocean_menu_typo_transform_tablet":"","ocean_menu_typo_transform_mobile":"","ocean_menu_typo_line_height":0,"ocean_menu_typo_line_height_tablet":0,"ocean_menu_typo_line_height_mobile":0,"ocean_menu_typo_line_height_unit":"","ocean_menu_typo_spacing":0,"ocean_menu_typo_spacing_tablet":0,"ocean_menu_typo_spacing_mobile":0,"ocean_menu_typo_spacing_unit":"","ocean_menu_link_color":"","ocean_menu_link_color_hover":"","ocean_menu_link_color_active":"","ocean_menu_link_background":"","ocean_menu_link_hover_background":"","ocean_menu_link_active_background":"","ocean_menu_social_links_bg":"","ocean_menu_social_hover_links_bg":"","ocean_menu_social_links_color":"","ocean_menu_social_hover_links_color":"","ocean_disable_title":"on","ocean_disable_heading":"default","ocean_post_title":"","ocean_post_subheading":"","ocean_post_title_style":"","ocean_post_title_background_color":"","ocean_post_title_background":0,"ocean_post_title_bg_image_position":"","ocean_post_title_bg_image_attachment":"","ocean_post_title_bg_image_repeat":"","ocean_post_title_bg_image_size":"","ocean_post_title_height":0,"ocean_post_title_bg_overlay":0.5,"ocean_post_title_bg_overlay_color":"","ocean_disable_breadcrumbs":"default","ocean_breadcrumbs_color":"","ocean_breadcrumbs_separator_color":"","ocean_breadcrumbs_links_color":"","ocean_breadcrumbs_links_hover_color":"","ocean_display_footer_widgets":"default","ocean_display_footer_bottom":"default","ocean_custom_footer_template":"0","footnotes":""},"class_list":["post-45","page","type-page","status-publish","has-post-thumbnail","hentry","entry","has-media"],"translation":{"provider":"WPGlobus","version":"3.0.0","language":"es","enabled_languages":["de","gb","es"],"languages":{"de":{"title":true,"content":true,"excerpt":false},"gb":{"title":true,"content":true,"excerpt":false},"es":{"title":false,"content":true,"excerpt":false}}},"_links":{"self":[{"href":"https:\/\/hwgress.de\/es\/wp-json\/wp\/v2\/pages\/45","targetHints":{"allow":["GET"]}}],"collection":[{"href":"https:\/\/hwgress.de\/es\/wp-json\/wp\/v2\/pages"}],"about":[{"href":"https:\/\/hwgress.de\/es\/wp-json\/wp\/v2\/types\/page"}],"author":[{"embeddable":true,"href":"https:\/\/hwgress.de\/es\/wp-json\/wp\/v2\/users\/1"}],"replies":[{"embeddable":true,"href":"https:\/\/hwgress.de\/es\/wp-json\/wp\/v2\/comments?post=45"}],"version-history":[{"count":134,"href":"https:\/\/hwgress.de\/es\/wp-json\/wp\/v2\/pages\/45\/revisions"}],"predecessor-version":[{"id":560,"href":"https:\/\/hwgress.de\/es\/wp-json\/wp\/v2\/pages\/45\/revisions\/560"}],"wp:featuredmedia":[{"embeddable":true,"href":"https:\/\/hwgress.de\/es\/wp-json\/wp\/v2\/media\/42"}],"wp:attachment":[{"href":"https:\/\/hwgress.de\/es\/wp-json\/wp\/v2\/media?parent=45"}],"curies":[{"name":"wp","href":"https:\/\/api.w.org\/{rel}","templated":true}]}}