{"id":285,"date":"2019-08-03T22:43:31","date_gmt":"2019-08-03T20:43:31","guid":{"rendered":"http:\/\/hwgress.de\/?page_id=285"},"modified":"2019-08-09T11:28:50","modified_gmt":"2019-08-09T09:28:50","slug":"energiewende","status":"publish","type":"page","link":"https:\/\/hwgress.de\/es\/energiewende\/","title":{"rendered":"Transformaci\u00f3n energ\u00e9tica"},"content":{"rendered":"<p>La <strong>transformaci\u00f3n del sistema energ\u00e9tico<\/strong> significa la conversi\u00f3n de todos los tipos de uso de energ\u00eda de fuentes de energ\u00eda f\u00f3siles y nucleares a energ\u00edas renovables.<br \/>\nEl objetivo es la generaci\u00f3n de energ\u00eda libre de CO2.<\/p>\n<p>Esto incluye no s\u00f3lo la generaci\u00f3n de energ\u00eda, sino tambi\u00e9n el suministro de energ\u00eda limpia para el transporte, la calefacci\u00f3n y la refrigeraci\u00f3n de edificios y los procesos industriales. Adem\u00e1s, las materias primas f\u00f3siles com\u00fanmente utilizadas en la industria deben ser sustituidas por procesos libres de CO2. Por ejemplo, es posible convertir la qu\u00edmica, que todav\u00eda se basa en gran medida en el petr\u00f3leo crudo f\u00f3sil, pero requiere mucho esfuerzo y energ\u00eda.<\/p>\n","protected":false},"excerpt":{"rendered":"<p>La transformaci\u00f3n del sistema energ\u00e9tico significa la conversi\u00f3n de todos los tipos de uso de energ\u00eda de fuentes de energ\u00eda f\u00f3siles y nucleares a energ\u00edas renovables. El objetivo es la generaci\u00f3n de energ\u00eda libre de CO2. Esto incluye no s\u00f3lo la generaci\u00f3n de energ\u00eda, sino tambi\u00e9n el suministro de energ\u00eda limpia para el transporte, la [&hellip;]<\/p>\n","protected":false},"author":1,"featured_media":0,"parent":0,"menu_order":0,"comment_status":"closed","ping_status":"closed","template":"","meta":{"ocean_post_layout":"full-width","ocean_both_sidebars_style":"","ocean_both_sidebars_content_width":0,"ocean_both_sidebars_sidebars_width":0,"ocean_sidebar":"0","ocean_second_sidebar":"0","ocean_disable_margins":"enable","ocean_add_body_class":"","ocean_shortcode_before_top_bar":"","ocean_shortcode_after_top_bar":"","ocean_shortcode_before_header":"","ocean_shortcode_after_header":"","ocean_has_shortcode":"","ocean_shortcode_after_title":"","ocean_shortcode_before_footer_widgets":"","ocean_shortcode_after_footer_widgets":"","ocean_shortcode_before_footer_bottom":"","ocean_shortcode_after_footer_bottom":"","ocean_display_top_bar":"default","ocean_display_header":"default","ocean_header_style":"","ocean_center_header_left_menu":"0","ocean_custom_header_template":"0","ocean_custom_logo":0,"ocean_custom_retina_logo":0,"ocean_custom_logo_max_width":0,"ocean_custom_logo_tablet_max_width":0,"ocean_custom_logo_mobile_max_width":0,"ocean_custom_logo_max_height":0,"ocean_custom_logo_tablet_max_height":0,"ocean_custom_logo_mobile_max_height":0,"ocean_header_custom_menu":"0","ocean_menu_typo_font_family":"0","ocean_menu_typo_font_subset":"","ocean_menu_typo_font_size":0,"ocean_menu_typo_font_size_tablet":0,"ocean_menu_typo_font_size_mobile":0,"ocean_menu_typo_font_size_unit":"px","ocean_menu_typo_font_weight":"","ocean_menu_typo_font_weight_tablet":"","ocean_menu_typo_font_weight_mobile":"","ocean_menu_typo_transform":"","ocean_menu_typo_transform_tablet":"","ocean_menu_typo_transform_mobile":"","ocean_menu_typo_line_height":0,"ocean_menu_typo_line_height_tablet":0,"ocean_menu_typo_line_height_mobile":0,"ocean_menu_typo_line_height_unit":"","ocean_menu_typo_spacing":0,"ocean_menu_typo_spacing_tablet":0,"ocean_menu_typo_spacing_mobile":0,"ocean_menu_typo_spacing_unit":"","ocean_menu_link_color":"","ocean_menu_link_color_hover":"","ocean_menu_link_color_active":"","ocean_menu_link_background":"","ocean_menu_link_hover_background":"","ocean_menu_link_active_background":"","ocean_menu_social_links_bg":"","ocean_menu_social_hover_links_bg":"","ocean_menu_social_links_color":"","ocean_menu_social_hover_links_color":"","ocean_disable_title":"default","ocean_disable_heading":"default","ocean_post_title":"","ocean_post_subheading":"","ocean_post_title_style":"","ocean_post_title_background_color":"","ocean_post_title_background":0,"ocean_post_title_bg_image_position":"","ocean_post_title_bg_image_attachment":"","ocean_post_title_bg_image_repeat":"","ocean_post_title_bg_image_size":"","ocean_post_title_height":0,"ocean_post_title_bg_overlay":0.5,"ocean_post_title_bg_overlay_color":"","ocean_disable_breadcrumbs":"default","ocean_breadcrumbs_color":"","ocean_breadcrumbs_separator_color":"","ocean_breadcrumbs_links_color":"","ocean_breadcrumbs_links_hover_color":"","ocean_display_footer_widgets":"default","ocean_display_footer_bottom":"default","ocean_custom_footer_template":"0","footnotes":""},"class_list":["post-285","page","type-page","status-publish","hentry","entry"],"translation":{"provider":"WPGlobus","version":"3.0.0","language":"es","enabled_languages":["de","gb","es"],"languages":{"de":{"title":true,"content":true,"excerpt":false},"gb":{"title":true,"content":true,"excerpt":false},"es":{"title":true,"content":true,"excerpt":false}}},"_links":{"self":[{"href":"https:\/\/hwgress.de\/es\/wp-json\/wp\/v2\/pages\/285","targetHints":{"allow":["GET"]}}],"collection":[{"href":"https:\/\/hwgress.de\/es\/wp-json\/wp\/v2\/pages"}],"about":[{"href":"https:\/\/hwgress.de\/es\/wp-json\/wp\/v2\/types\/page"}],"author":[{"embeddable":true,"href":"https:\/\/hwgress.de\/es\/wp-json\/wp\/v2\/users\/1"}],"replies":[{"embeddable":true,"href":"https:\/\/hwgress.de\/es\/wp-json\/wp\/v2\/comments?post=285"}],"version-history":[{"count":14,"href":"https:\/\/hwgress.de\/es\/wp-json\/wp\/v2\/pages\/285\/revisions"}],"predecessor-version":[{"id":329,"href":"https:\/\/hwgress.de\/es\/wp-json\/wp\/v2\/pages\/285\/revisions\/329"}],"wp:attachment":[{"href":"https:\/\/hwgress.de\/es\/wp-json\/wp\/v2\/media?parent=285"}],"curies":[{"name":"wp","href":"https:\/\/api.w.org\/{rel}","templated":true}]}}