{"id":281,"date":"2019-08-03T22:22:35","date_gmt":"2019-08-03T20:22:35","guid":{"rendered":"http:\/\/hwgress.de\/?page_id=281"},"modified":"2019-08-09T11:30:08","modified_gmt":"2019-08-09T09:30:08","slug":"erneuerbare-energien","status":"publish","type":"page","link":"https:\/\/hwgress.de\/es\/erneuerbare-energien\/","title":{"rendered":"Energ\u00edas renovables"},"content":{"rendered":"<p><strong>La energ\u00eda renovable es suficiente para todos y es barata<\/strong><\/p>\n<p>La discusi\u00f3n sobre la revoluci\u00f3n energ\u00e9tica y las posibilidades y costes de un suministro de energ\u00eda libre de CO2 se ha llevado a cabo con vehemencia durante muchos a\u00f1os. Las energ\u00edas renovables se cuestionan a menudo con argumentos falsos o anticuados. Por lo tanto, en primer lugar, algunos datos b\u00e1sicos sobre las energ\u00edas renovables:<\/p>\n<ul>\n<li style=\"list-style-type: none;\">\n<ul>\n<li>Un suministro mundial de energ\u00eda con energ\u00edas renovables no fallar\u00e1 debido a su limitado potencial. La enorme cantidad de radiaci\u00f3n solar que afecta a nuestro planeta es aproximadamente 10.000 veces mayor que el consumo total actual de energ\u00eda en el mundo. Basta con capturar y utilizar una fracci\u00f3n de esta energ\u00eda en forma de energ\u00eda solar y e\u00f3lica, hidroel\u00e9ctrica o biomasa.<\/li>\n<\/ul>\n<\/li>\n<\/ul>\n<ul>\n<li style=\"list-style-type: none;\">\n<ul>\n<li>Un suministro de energ\u00eda 100% libre de CO2 no falla debido a los costes y la asequibilidad de las energ\u00edas renovables. Ya hoy en d\u00eda, los costes de producci\u00f3n de la energ\u00eda e\u00f3lica y solar son m\u00e1s bajos que los de las nuevas centrales de carb\u00f3n o gas, por no hablar de las centrales nucleares, y en este c\u00e1lculo ni siquiera se tienen en cuenta los costes de los da\u00f1os ecol\u00f3gicos consecuentes.<\/li>\n<\/ul>\n<\/li>\n<\/ul>\n<p><strong style=\"font-size: 14px;\">\u00bfQu\u00e9 obst\u00e1culos hay que superar para el cambio de energ\u00eda?<\/strong><\/p>\n<p>Entonces, si hay suficiente energ\u00eda renovable a un costo razonable, \u00bfpor qu\u00e9 la recuperaci\u00f3n de energ\u00eda es lenta y demasiado lenta? Hay varias razones para ello:<\/p>\n<ul>\n<li style=\"list-style-type: none;\">\n<ul>\n<li>Las energ\u00edas renovables (o mejor dicho, las energ\u00edas finales que se generan a partir de ellas) suelen producirse en <strong>plantas descentralizadas<\/strong>, lo que no encaja en el concepto y modelo de negocio de los grandes grupos energ\u00e9ticos. Durante a\u00f1os y siempre que ha sido posible, han intentado obstaculizar la expansi\u00f3n de las energ\u00edas renovables. Sin embargo, en vista de la naturaleza dram\u00e1tica del cambio clim\u00e1tico, esta actitud de bloqueo ya no puede justificarse socialmente hoy en d\u00eda.<\/li>\n<\/ul>\n<\/li>\n<\/ul>\n<ul>\n<li style=\"list-style-type: none;\">\n<ul>\n<li>Las energ\u00edas renovables tienen diferentes requisitos de sistema y no son compatibles con los sistemas de generaci\u00f3n tradicionales basados en centrales el\u00e9ctricas de carga base. La nueva infraestructura necesaria para las energ\u00edas renovables, como la ampliaci\u00f3n de las redes el\u00e9ctricas, ha estado so\u00f1olienta y se ha visto obstaculizada durante a\u00f1os.<\/li>\n<\/ul>\n<\/li>\n<\/ul>\n<ul>\n<li style=\"list-style-type: none;\">\n<ul>\n<li>Las plantas de generaci\u00f3n de energ\u00eda f\u00f3sil y nuclear siguen estando <strong>fuertemente subsidiadas<\/strong> por los gobiernos, a nivel mundial con alrededor de 500.000 millones de d\u00f3lares al a\u00f1o. Y, en mayor medida a\u00fan, generan costos a trav\u00e9s de da\u00f1os ambientales y a la salud de los que no son responsables. Sin esta doble subvenci\u00f3n, las energ\u00edas f\u00f3siles no ser\u00edan competitivas.<\/li>\n<\/ul>\n<\/li>\n<\/ul>\n<ul>\n<li style=\"list-style-type: none;\">\n<ul>\n<li><strong>El uso de energ\u00eda f\u00f3sil est\u00e1 cambiando nuestro mundo f\u00edsicamente<\/strong>: contamina el suelo, el aire y el agua y causa cambios clim\u00e1ticos dram\u00e1ticos. Para muchas personas, sin embargo, estos cambios no son (todav\u00eda) visibles.<br \/>\n<strong>Las energ\u00edas renovables cambian nuestro mundo \u00f3pticamente:<\/strong> debido a que la mayor\u00eda de los productos son m\u00e1s peque\u00f1os, se necesitan muchas m\u00e1s plantas en comparaci\u00f3n con las centrales de carb\u00f3n y las centrales nucleares. Como resultado, estas plantas tambi\u00e9n son vistas y percibidas por muchas personas. La ilusi\u00f3n de que la electricidad de alguna manera sale de la toma de corriente y su generaci\u00f3n no tiene nada que ver con el propio entorno en el que se vive ya no se puede mantener con las energ\u00edas renovables. Pero mientras no se piense la comparaci\u00f3n hasta el final y se juzgue seg\u00fan el esquema: &#8220;la electricidad del carb\u00f3n proviene del enchufe y no me afecta de otra manera&#8221; y &#8220;la electricidad renovable proviene de feas centrales e\u00f3licas, lo que cambia mi imagen familiar del paisaje'&#8221;, las energ\u00edas renovables m\u00e1s limpias y m\u00e1s amigables con el medio ambiente lamentablemente salen perdiendo.<\/li>\n<\/ul>\n<\/li>\n<\/ul>\n<ul>\n<li style=\"list-style-type: none;\">\n<ul>\n<li>Las energ\u00edas renovables no son \u00e1ngeles del medio ambiente y no conducen a \u00d6k\u00f6paradies. Las plantas de energ\u00eda renovable tambi\u00e9n requieren materias primas raras para su producci\u00f3n que s\u00f3lo pueden obtenerse con da\u00f1os ambientales y, por supuesto, tambi\u00e9n tienen sus efectos secundarios durante su funcionamiento. Sin embargo, son mucho m\u00e1s bajos que los de las centrales de carb\u00f3n y las centrales nucleares. Esta <strong>consideraci\u00f3n entre las posibles alternativas<\/strong>, y no un mundo de ensue\u00f1o idealizado y sin efectos secundarios, es la raz\u00f3n principal del cambio de rumbo de la energ\u00eda. Por lo tanto, tambi\u00e9n es inadmisible, sin embargo, dejar de prestar atenci\u00f3n al ahorro de energ\u00eda y a la evitaci\u00f3n de energ\u00eda cuando se hace referencia a la generaci\u00f3n de energ\u00eda limpia. Las energ\u00edas renovables nos proporcionan un poco de aire con los peligros actuales, pero por s\u00ed solas no resuelven los problemas de nuestro consumo excesivo de recursos.<\/li>\n<\/ul>\n<\/li>\n<\/ul>\n<ul>\n<li style=\"list-style-type: none;\">\n<ul>\n<li>Las plantas e\u00f3licas y solares no siempre est\u00e1n disponibles. No siempre entregan energ\u00eda cuando se necesita, y pueden entregarla cuando no se necesita. Los opositores de la energ\u00eda e\u00f3lica a menudo utilizan este hecho para justificar su afirmaci\u00f3n de que la revoluci\u00f3n energ\u00e9tica no pudo funcionar en absoluto debido a la <strong>falta de capacidad de almacenamiento<\/strong>. No se puede negar que las mayores capacidades de almacenamiento est\u00e1n adquiriendo cada vez m\u00e1s importancia con una proporci\u00f3n muy alta de energ\u00edas renovables. Sin embargo, ya existen reservas de alta flexibilidad que a\u00fan no se han utilizado debido a los bajos incentivos monetarios. Por lo tanto, no se esperan cuellos de botella en un futuro previsible, incluso con un porcentaje cada vez mayor de energ\u00edas renovables.<\/li>\n<\/ul>\n<\/li>\n<\/ul>\n<p><strong style=\"font-size: 14px;\">\u00bfQu\u00e9 sistemas de almacenamiento de energ\u00eda necesitamos?<\/strong><\/p>\n<p>Aunque el problema del almacenamiento no desempe\u00f1a todav\u00eda un papel significativo en la transformaci\u00f3n del sistema energ\u00e9tico, se ha considerado como un requisito previo para el \u00e9xito de la transformaci\u00f3n del sistema energ\u00e9tico en el debate pol\u00edtico y en el p\u00fablico durante a\u00f1os. La tecnolog\u00eda de almacenamiento m\u00e1s prometedora que se cita actualmente es el uso de electricidad renovable para la producci\u00f3n de hidr\u00f3geno, posiblemente con un nuevo paso de procesamiento hacia el metano. \u00bfCu\u00e1n prometedoras son estas tecnolog\u00edas, y qu\u00e9 podemos esperar de esta energ\u00eda a gas en general?<\/p>\n<p>Cuando se utiliza energ\u00eda el\u00e9ctrica a gas, el exceso de electricidad procedente de energ\u00edas renovables debe utilizarse en un hidrolizador para generar hidr\u00f3geno. De este modo, la idea es que la electricidad que ya no puede utilizarse en otros lugares pueda almacenarse en forma de hidr\u00f3geno y reutilizarse en tiempos de baja producci\u00f3n de electricidad a partir de centrales e\u00f3licas y solares. A primera vista, este concepto suena plausible y tentador. Sin embargo, una mirada m\u00e1s de cerca revela una serie de problemas. La conversi\u00f3n de la electricidad en gas y, posteriormente, de gas a electricidad, implica p\u00e9rdidas considerables de eficiencia. Dependiendo de la tecnolog\u00eda utilizada, s\u00f3lo se recupera entre el 20 y el 40% de la electricidad utilizada. Por lo tanto, P2G es una instalaci\u00f3n de almacenamiento con p\u00e9rdidas muy elevadas que s\u00f3lo ser\u00eda t\u00e9cnica y econ\u00f3micamente viable si la electricidad utilizada fuera realmente energ\u00eda que, de otro modo, ya no ser\u00eda utilizable y si, de este modo, se recogieran cantidades apreciables de la misma que no podr\u00edan o no podr\u00edan suprimirse por razones de suministro.<\/p>\n<p>\u00bfSe cumplen estos requisitos con el sistema de alimentaci\u00f3n a gas? Desafortunadamente, los hechos hablan un lenguaje diferente al de las promesas de los protagonistas, que a menudo tienen mucho cuerpo. Porque en Alemania no hay cantidades significativas de electricidad excedente conectada a la red. Las cantidades de electricidad regulada que supuestamente est\u00e1n disponibles para P2G (en 2017 eran 5,5 TWh o aproximadamente el 2,5% de la electricidad renovable) provienen casi exclusivamente de centrales e\u00f3licas en el norte de Alemania y est\u00e1n relacionadas con la falta de conexi\u00f3n de la red a la red de transmisi\u00f3n.<\/p>\n<p>En Alemania no hay excedentes nacionales de electricidad procedente de energ\u00edas renovables. Por lo tanto, los sistemas P2G que funcionan en el centro o sur de Alemania no pueden utilizar la electricidad excedentaria. En realidad, estas centrales utilizan electricidad (principalmente de turbinas e\u00f3licas) que se produce exclusiva o predominantemente para estas centrales, pero que tambi\u00e9n podr\u00eda utilizarse en otros lugares sin problemas y podr\u00eda utilizarse de forma m\u00e1s sensata y eficiente debido a las p\u00e9rdidas de eficiencia en la planta P2G. O la electricidad se utiliza a partir de la energ\u00eda de control negativo, que tambi\u00e9n consiste en gran medida en carb\u00f3n y energ\u00eda nuclear y, por lo tanto, no es excedentaria ni renovable.<\/p>\n<p><strong style=\"font-size: 14px;\">Power-to-gas sigue siendo a menudo un paquete enga\u00f1oso<\/strong><\/p>\n<p>Adem\u00e1s, los sistemas P2G de los llamados excedentes de electricidad tienen un problema fundamental e irreversible: s\u00f3lo tienen muy pocas horas de funcionamiento porque este excedente de electricidad s\u00f3lo existe durante unas pocas horas al a\u00f1o, si es que existe. Esto hace que el hidr\u00f3geno de las plantas P2G alemanas sea muy caro, y debido a los problemas fundamentales, no es de esperar que los precios bajen significativamente, como fue el caso de las plantas fotovoltaicas.<\/p>\n<p>Adem\u00e1s, existe otro problema con las plantas P2G dom\u00e9sticas: para un cambio completo de energ\u00eda en todos los sectores, es decir, incluyendo la movilidad, el suministro de calor, la industria manufacturera y los productos qu\u00edmicos dependientes del carbono, se necesitar\u00eda entre 4 y 7 veces la demanda actual de electricidad. Es evidente de inmediato que no se pueden permitir p\u00e9rdidas importantes de eficiencia en la generaci\u00f3n de electricidad. Si la electricidad se generara en gran medida a trav\u00e9s de centrales P2G, la producci\u00f3n primaria necesaria tendr\u00eda que aumentar considerablemente de nuevo. Dado que esto no s\u00f3lo es posible y sensato con las plantas fotovoltaicas (en invierno apenas tendr\u00edamos electricidad), se necesitar\u00eda un inmenso n\u00famero adicional de nuevas plantas de energ\u00eda e\u00f3lica. Parece poco probable que haya una amplia aceptaci\u00f3n social para tal escenario.<\/p>\n<p><strong style=\"font-size: 14px;\">\u00bfImportar hidr\u00f3geno?<\/strong><\/p>\n<p>Es m\u00e1s probable que en el futuro el hidr\u00f3geno se produzca en regiones con alta radiaci\u00f3n solar o muy buenas condiciones de viento, donde tambi\u00e9n hay un excedente real de electricidad que no puede utilizarse a nivel local o nacional. En estos lugares tan favorables, los costes de generaci\u00f3n de energ\u00eda de las plantas e\u00f3licas y fotovoltaicas son muy bajos, y debido al tama\u00f1o de la planta P2G, el hidr\u00f3geno tambi\u00e9n podr\u00eda producirse all\u00ed a precios bajos y competitivos.<\/p>\n<p>Esto lleva a la conclusi\u00f3n de que en el futuro habr\u00e1 un mercado mundial para el hidr\u00f3geno, pero que la mayor parte no proceder\u00e1 de Alemania. Por lo tanto, ser\u00eda deseable para el \u00e9xito de la transformaci\u00f3n del sistema energ\u00e9tico que la creaci\u00f3n de la infraestructura necesaria para la importaci\u00f3n y el uso del hidr\u00f3geno comenzara hoy. Al mismo tiempo, por supuesto, tambi\u00e9n es necesaria la expansi\u00f3n de las energ\u00edas renovables y de las redes el\u00e9ctricas.<\/p>\n<p>Como alternativa a la econom\u00eda del hidr\u00f3geno, existe tambi\u00e9n la posibilidad de convertir completamente el uso de la energ\u00eda en el vector energ\u00e9tico final, la electricidad. Esto ser\u00eda posible con la ayuda de las redes el\u00e9ctricas continentales e intercontinentales. Sin embargo, hay una serie de cuestiones que siguen abiertas en este escenario, como la disponibilidad de recursos para las grandes capacidades de almacenamiento requeridas. El futuro mostrar\u00e1 qu\u00e9 sistema prevalecer\u00e1. En cualquier caso, sin embargo, no tenemos que preocuparnos por la seguridad del suministro y el importe de nuestra factura de electricidad.<\/p>\n","protected":false},"excerpt":{"rendered":"<p>La energ\u00eda renovable es suficiente para todos y es barata La discusi\u00f3n sobre la revoluci\u00f3n energ\u00e9tica y las posibilidades y costes de un suministro de energ\u00eda libre de CO2 se ha llevado a cabo con vehemencia durante muchos a\u00f1os. Las energ\u00edas renovables se cuestionan a menudo con argumentos falsos o anticuados. Por lo tanto, en [&hellip;]<\/p>\n","protected":false},"author":1,"featured_media":0,"parent":0,"menu_order":0,"comment_status":"closed","ping_status":"closed","template":"","meta":{"ocean_post_layout":"","ocean_both_sidebars_style":"","ocean_both_sidebars_content_width":0,"ocean_both_sidebars_sidebars_width":0,"ocean_sidebar":"0","ocean_second_sidebar":"0","ocean_disable_margins":"enable","ocean_add_body_class":"","ocean_shortcode_before_top_bar":"","ocean_shortcode_after_top_bar":"","ocean_shortcode_before_header":"","ocean_shortcode_after_header":"","ocean_has_shortcode":"","ocean_shortcode_after_title":"","ocean_shortcode_before_footer_widgets":"","ocean_shortcode_after_footer_widgets":"","ocean_shortcode_before_footer_bottom":"","ocean_shortcode_after_footer_bottom":"","ocean_display_top_bar":"default","ocean_display_header":"default","ocean_header_style":"","ocean_center_header_left_menu":"0","ocean_custom_header_template":"0","ocean_custom_logo":0,"ocean_custom_retina_logo":0,"ocean_custom_logo_max_width":0,"ocean_custom_logo_tablet_max_width":0,"ocean_custom_logo_mobile_max_width":0,"ocean_custom_logo_max_height":0,"ocean_custom_logo_tablet_max_height":0,"ocean_custom_logo_mobile_max_height":0,"ocean_header_custom_menu":"0","ocean_menu_typo_font_family":"0","ocean_menu_typo_font_subset":"","ocean_menu_typo_font_size":0,"ocean_menu_typo_font_size_tablet":0,"ocean_menu_typo_font_size_mobile":0,"ocean_menu_typo_font_size_unit":"px","ocean_menu_typo_font_weight":"","ocean_menu_typo_font_weight_tablet":"","ocean_menu_typo_font_weight_mobile":"","ocean_menu_typo_transform":"","ocean_menu_typo_transform_tablet":"","ocean_menu_typo_transform_mobile":"","ocean_menu_typo_line_height":0,"ocean_menu_typo_line_height_tablet":0,"ocean_menu_typo_line_height_mobile":0,"ocean_menu_typo_line_height_unit":"","ocean_menu_typo_spacing":0,"ocean_menu_typo_spacing_tablet":0,"ocean_menu_typo_spacing_mobile":0,"ocean_menu_typo_spacing_unit":"","ocean_menu_link_color":"","ocean_menu_link_color_hover":"","ocean_menu_link_color_active":"","ocean_menu_link_background":"","ocean_menu_link_hover_background":"","ocean_menu_link_active_background":"","ocean_menu_social_links_bg":"","ocean_menu_social_hover_links_bg":"","ocean_menu_social_links_color":"","ocean_menu_social_hover_links_color":"","ocean_disable_title":"default","ocean_disable_heading":"default","ocean_post_title":"","ocean_post_subheading":"","ocean_post_title_style":"","ocean_post_title_background_color":"","ocean_post_title_background":0,"ocean_post_title_bg_image_position":"","ocean_post_title_bg_image_attachment":"","ocean_post_title_bg_image_repeat":"","ocean_post_title_bg_image_size":"","ocean_post_title_height":0,"ocean_post_title_bg_overlay":0.5,"ocean_post_title_bg_overlay_color":"","ocean_disable_breadcrumbs":"default","ocean_breadcrumbs_color":"","ocean_breadcrumbs_separator_color":"","ocean_breadcrumbs_links_color":"","ocean_breadcrumbs_links_hover_color":"","ocean_display_footer_widgets":"default","ocean_display_footer_bottom":"default","ocean_custom_footer_template":"0","footnotes":""},"class_list":["post-281","page","type-page","status-publish","hentry","entry"],"translation":{"provider":"WPGlobus","version":"3.0.0","language":"es","enabled_languages":["de","gb","es"],"languages":{"de":{"title":true,"content":true,"excerpt":false},"gb":{"title":true,"content":true,"excerpt":false},"es":{"title":true,"content":true,"excerpt":false}}},"_links":{"self":[{"href":"https:\/\/hwgress.de\/es\/wp-json\/wp\/v2\/pages\/281","targetHints":{"allow":["GET"]}}],"collection":[{"href":"https:\/\/hwgress.de\/es\/wp-json\/wp\/v2\/pages"}],"about":[{"href":"https:\/\/hwgress.de\/es\/wp-json\/wp\/v2\/types\/page"}],"author":[{"embeddable":true,"href":"https:\/\/hwgress.de\/es\/wp-json\/wp\/v2\/users\/1"}],"replies":[{"embeddable":true,"href":"https:\/\/hwgress.de\/es\/wp-json\/wp\/v2\/comments?post=281"}],"version-history":[{"count":28,"href":"https:\/\/hwgress.de\/es\/wp-json\/wp\/v2\/pages\/281\/revisions"}],"predecessor-version":[{"id":331,"href":"https:\/\/hwgress.de\/es\/wp-json\/wp\/v2\/pages\/281\/revisions\/331"}],"wp:attachment":[{"href":"https:\/\/hwgress.de\/es\/wp-json\/wp\/v2\/media?parent=281"}],"curies":[{"name":"wp","href":"https:\/\/api.w.org\/{rel}","templated":true}]}}