{"id":25,"date":"2019-07-08T18:19:42","date_gmt":"2019-07-08T16:19:42","guid":{"rendered":"http:\/\/5907073614315.hostingkunde.de\/?page_id=25"},"modified":"2019-08-09T11:26:05","modified_gmt":"2019-08-09T09:26:05","slug":"elementor-25","status":"publish","type":"page","link":"https:\/\/hwgress.de\/es\/elementor-25\/","title":{"rendered":"Protecci\u00f3n del clima"},"content":{"rendered":"<p><img fetchpriority=\"high\" decoding=\"async\" src=\"http:\/\/hwgress.de\/wp-content\/uploads\/2019\/07\/wmo_stripes-1024x384-1024x384.jpg\" sizes=\"(max-width: 1024px) 100vw, 1024px\" srcset=\"http:\/\/hwgress.de\/wp-content\/uploads\/2019\/07\/wmo_stripes-1024x384.jpg 1024w, http:\/\/hwgress.de\/wp-content\/uploads\/2019\/07\/wmo_stripes-1024x384-300x113.jpg 300w, http:\/\/hwgress.de\/wp-content\/uploads\/2019\/07\/wmo_stripes-1024x384-768x288.jpg 768w\" alt=\"\" width=\"1024\" height=\"384\" \/><\/p>\n<p>Warming Stripes for 1850-2018<br \/>\nusing the WMO annual global temperature dataset<\/p>\n<p>Graphics by\u00a0Ed Hawkins.\u00a0 <a href=\"https:\/\/www.climate-lab-book.ac.uk\/\">https:\/\/www.climate-lab-book.ac.uk\/<\/a><\/p>\n<p><b style=\"font-size: 14px;\">En vez de presentar los sistemas y las posibildades para la implementaci\u00f3n de una transici\u00f3n energ\u00e9tica y la protecci\u00f3n del clima, aqui est\u00e1\u00a0mi perspectiva sobre la crisis clim\u00e1tica y los cambios que son necesarios.\u00a0\u00a0<\/b><\/p>\n<p>Crisis clim\u00e1tica\u00a0El uso de energ\u00edas fosiles ha cambiado significativamente la vida en la tierra en un periodo de tiempo relativamente corto. El aumento enorme del bienestar material para partes de la poblaci\u00f3n, sobre todo en los pa\u00edses industrializados, ha llevado consigo graves da\u00f1os ambientales. Una de las causas mayores de estos\u00a0da\u00f1os\u00a0es la utilizaci\u00f3n de energ\u00edas no renovables.\u00a0La civilizaci\u00f3n moderna, con el desarrollo urbano, el transporte, la miner\u00eda y la agricultura, ha destruido \u00e1reas naturales en todos los continentes y ha llevado a la extinci\u00f3n de especies. La capacidad de regeneraci\u00f3n de nuestros recursos naturales &#8211; agua, suelo y aire &#8211; es la mayor amenaza. El uso de energ\u00eda f\u00f3sil (y hasta cierto punto nuclear) es en parte responsable de muchos de estos da\u00f1os.<br \/>\nSi queremos evitar estos peligros y mantener intacto nuestro planeta, debemos transformar el sistema energ\u00e9tico hac\u00eda las energ\u00edas renovables lo antes posible. Lo antes posible significa:\u00a0\u00a1ahora!<\/p>\n<p>Energ\u00edas renovables\u00a0Desde hace treinta a\u00f1os la transici\u00f3n energ\u00e9tica se ha visto\u00a0obstaculizada, pospuesta y excluida. Mientras tanto, el tiempo de las excusas ha terminado.<\/p>\n<p>El tiempo para una transici\u00f3n lenta y gradual tambi\u00e9n ha pasado. Por lo tanto, la conversi\u00f3n de los sistemas energ\u00e9ticos debe iniciarse de forma m\u00e1s r\u00e1pida y coherente.\u00a0Esto conducir\u00e1 a cambios fundamentales en muchas \u00e1reas, que inicialmente se encontrar\u00e1n con una falta de comprensi\u00f3n. Un ejemplo de ello es el antiguo concepto de generaci\u00f3n de electricidad basada en centrales de carga base. Esto ya no es compatible con los nuevos requisitos de las capacidades de generaci\u00f3n r\u00e1pidamente controlables. En el futuro, el dise\u00f1o de los sistemas energ\u00e9ticos debe estar orientado a las capacidades vol\u00e1tiles de generaci\u00f3n de energ\u00edas renovables.<\/p>\n<p>Sin embargo, el cambio de rumbo de la energ\u00eda no s\u00f3lo afectar\u00e1 al sector el\u00e9ctrico. El calor, la movilidad y los procesos industriales tambi\u00e9n deben convertirse en energ\u00edas renovables lo antes posible. Todo esto requiere cambios significativos en la producci\u00f3n, distribuci\u00f3n, almacenamiento y uso de la energ\u00eda.<\/p>\n<p>Transformaci\u00f3n profunda<\/p>\n<p>La humanidad se encuentra en una encrucijada: \u00bfvamos a destruir la base natural de la vida en nuestro planeta\u00a0en un futuro previsible,\u00a0o podremos proporcionar a las generaciones futuras una vida buena y digna? Para mantener la capacidad de los ecosistemas de regenerarse, detener la extinci\u00f3n de especies y seguir viviendo desde y con la tierra, todos los sistemas humanos que intervienen masivamente en el equilibrio natural deben ser compatibles con el medio ambiente. Esto se aplica no s\u00f3lo a la producci\u00f3n de energ\u00eda, sino tambi\u00e9n a la agricultura, el transporte, la qu\u00edmica y, de forma indirecta, a nuestro sistema econ\u00f3mico. Continuar as\u00ed conducir\u00eda inevitablemente a consecuencias catastr\u00f3ficas.<\/p>\n<p>El Consejo Asesor Alem\u00e1n para el Cambio Global ya ha publicado un importante estudio sobre el cambio ambiental global en 2011 (Welt im Wandel: Gesellschaftsvertrag f\u00fcr eine Gro\u00dfe Transformation, WBGU 2011). La conclusi\u00f3n de este estudio es que la humanidad debe cambiar fundamentalmente sus m\u00e9todos econ\u00f3micos y de producci\u00f3n y sus h\u00e1bitos de consumo si quiere contrarrestar el peligro de da\u00f1os medioambientales catastr\u00f3ficos y de dram\u00e1ticas convulsiones sociales en un futuro no muy lejano. Este cambio es un enorme desaf\u00edo, no s\u00f3lo tecnol\u00f3gico y econ\u00f3mico, sino tambi\u00e9n cultural. Porque la pregunta que surge inmediatamente es: \u00bfrealmente queremos dejar ir los h\u00e1bitos que nos han gustado y aceptar las molestias por algo que no podemos (todav\u00eda) ver, que no experimentamos, que s\u00f3lo se pinta en la pared como una visi\u00f3n de horror? La respuesta de la sociedad hasta ahora ha sido: no queremos este cambio, al menos no de esa manera. Nos gustar\u00eda tener la transformaci\u00f3n en formato ligero y con la posibilidad de retirada. Y esto se aplica no s\u00f3lo a los esc\u00e9pticos del clima, sino tambi\u00e9n a la gran mayor\u00eda de nuestra sociedad (occidental), incluyendo a la mayor\u00eda de los activistas del cambio energ\u00e9tico y a m\u00ed mismo. Obviamente, nuestra resistencia emocional es mucho mayor que el deseo de cambio. El cambio no se producir\u00e1 por s\u00ed solo, y mucho menos por las fuerzas del mercado. Debe ser moldeado conscientemente por la gente. Esto hace que sea a\u00fan m\u00e1s importante preguntarse a uno mismo:<br \/>\n&#8211; \u00bfQu\u00e9 nos impide hacer lo que es bueno y necesario? \u00bfQu\u00e9 nos mantiene cautivos?<br \/>\n&#8211; \u00bfQu\u00e9 podr\u00eda darnos el valor y la confianza para tomar la decisi\u00f3n de un cambio real?<br \/>\n&#8211; \u00bfPor qu\u00e9 medios y de qu\u00e9 manera se podr\u00eda poner en marcha la Gran Transformaci\u00f3n?<\/p>\n<p>Visi\u00f3n\u00a0Para poder enfrentar las necesidades inc\u00f3modas del cambio deseado y para mantener la perseverancia imprescindible,\u00a0necesitamos una vis\u00f3n.\u00a0El escenario de una cat\u00e1strofe futura obviamente no es suficiente para motivarnos a actuar. Incluso los fumadores no pueden dejar de fumar por las peores im\u00e1genes en sus paquetes de cigarrillos. Pero lo que motiva permanentemente a las personas son las cuestiones de sentido y justicia. La transformaci\u00f3n tiene sentido porque nos coloca a cada uno de nosotros en un contexto amplio, y contribuye a la justicia porque es injusto que unos pocos vivan a expensas de muchas y futuras generaciones.<\/p>\n<p>Muchas personas se sienten frustradas y ya no creen en &#8220;salvar al mundo&#8221;. Ellos culpan a los pol\u00edticos, a los jefes econ\u00f3micos y al capitalismo de que nada cambie. Y, de hecho, hay muchas cosas que podr\u00edan ser criticadas y lamentadas por las condiciones imperantes. Pero una distribuci\u00f3n general de la culpa no es apropiada ni \u00fatil, y distrae de las propias actividades necesarias. Es cierto que nos enfrentamos a grandes retos, muchos de los cuales no tenemos ni idea de c\u00f3mo afrontar, y mucho menos de c\u00f3mo afrontarlos. Lo que m\u00e1s necesitamos es valor y creatividad. Se necesita valor porque el tama\u00f1o de la tarea puede hacernos temer f\u00e1cilmente que no seremos capaces de hacer frente a los desaf\u00edos. Y la creatividad es necesaria porque se necesita algo nuevo, porque muchas soluciones viejas y familiares ya no son adecuadas.\u00a0\u00a0\u00a0Valent\u00eda y creatividad\u00a0Para ser valiente uno no tiene que ser un h\u00e9roe. No tenemos que poner en peligro nuestras vidas. Valentia se manifiesta en las peque\u00f1as y multiples decisiones de la vida cotidiana.\u00a0Un peque\u00f1o paso valiente por d\u00eda puede convertirse en un gran salto en el curso de un a\u00f1o, que no se habr\u00eda logrado de una sola vez. Quien hace tal experiencia se fortalece al dar los peque\u00f1os pasos una y otra vez, en lugar de quejarse s\u00f3lo de que el gran cambio no se produce. O para resumir: un riesgo diario aleja la frustraci\u00f3n.<\/p>\n<p>El segundo requisito previo para el cambio, la creatividad, tambi\u00e9n puede parecer a muchos un obst\u00e1culo demasiado grande. La creatividad suena como genio, como arte, como habilidades extraordinarias. Pero la creatividad no tiene que ver con el m\u00e1ximo rendimiento, sino con la creaci\u00f3n l\u00fadica de algo nuevo de lo que ya existe. Todos los ni\u00f1os son creativos, y no olvidamos la creatividad, incluso en la edad adulta. Pero con demasiada frecuencia olvidamos nuestros potenciales creativos, incluso los vertemos en nosotros mismos: a trav\u00e9s de demasiados planes e ideas estrechas de c\u00f3mo debe ser algo, a trav\u00e9s de la distracci\u00f3n, de la multitarea, del estr\u00e9s y del miedo a no cumplir con los requisitos.<\/p>\n<p>Somos creativos de una manera natural cuando no estamos distra\u00eddos ni ansiosos. Desafortunadamente, sin embargo, una gran parte de nuestra vida laboral y de ocio est\u00e1 dirigida hacia la distracci\u00f3n y la diversi\u00f3n. Sobre todo, los nuevos medios de comunicaci\u00f3n se esfuerzan mucho por distraernos permanentemente y por ocuparse de cuestiones secundarias. Como resultado, perdemos de vista lo que es esencial y nuestra concentraci\u00f3n en lo que nos mueve dentro se nos escapa. Un ant\u00eddoto para esta distracci\u00f3n es la atenci\u00f3n.<br \/>\nAtenci\u00f3n\u00a0Atenci\u00f3n juega un papel muy importante en las tradiciones espirituales y es reconocido como condici\u00f3n indispensable para obtener sabidur\u00eda y una vida fel\u00edz.\u00a0Una gran parte de la pr\u00e1ctica espiritual gira en torno al entrenamiento de la atenci\u00f3n plena. No se trata de lo sobrenatural, sino de lo m\u00e1s simple e inmediato que tenemos como seres vivos: el momento actual. Mindfulness significa estar consciente de mi estado mental y f\u00edsico en todo momento. La atenci\u00f3n comienza por tomar conciencia de lo que est\u00e1s haciendo. Desafortunadamente, una enorme industria de distracci\u00f3n promueve nuestra pr\u00e1ctica diaria de descuido. Una pr\u00e1ctica consciente de atenci\u00f3n plena podr\u00eda, en cambio, aumentar significativamente nuestra felicidad y satisfacci\u00f3n. Y, por cierto, ay\u00fadenos a acelerar los cambios pol\u00edticos y sociales necesarios.<\/p>\n<p>En la gran mayor\u00eda de los casos no percibimos nuestro entorno actual y a nosotros mismos, sino que pensamos en el pasado o en el futuro, planificamos, evaluamos, juzgamos, nos entregamos a situaciones que ya han pasado o est\u00e1n por llegar. S\u00f3lo percibimos parcialmente lo que est\u00e1 sucediendo con nosotros y a nuestro alrededor. En particular, s\u00f3lo experimentamos nuestro cuerpo en conexi\u00f3n con grandes eventos emocionales. Los impulsos y procesos internos finos y sutiles permanecen entonces ocultos de la conciencia. Pero aqu\u00ed es exactamente donde reside nuestro potencial para la acci\u00f3n inteligente y creativa.\u00a0\u00a0Adi\u00f3s a la crisis<\/p>\n<p style=\"background-color: transparent; border-color: #333333; border-style: solid; border-image: none 100% \/ 1 \/ 0 stretch; color: #111111; font-size: 16px; font-style: normal; font-variant: normal; font-weight: 400; -webkit-tap-highlight-color: transparent;\">Pues, \u00bfque tiene que ver la atenci\u00f3n con la transici\u00f3n energ\u00e9tica y la transformaci\u00f3n profunda de nuestros sistemas sociales?\u00a0 Atenci\u00f3n es el caldo de cultivo en el que puede crecer la valent\u00eda y la creatividad, cualidades que necesitamos para avanzar con los cambios necesarios.\u00a0Y nos protege de modelos explicativos unilaterales y populistas, porque con su ayuda reconocemos que no hay una sola verdad, y por lo general no hay una soluci\u00f3n simple. Al mismo tiempo, nos ayuda a superar la aparente contradicci\u00f3n entre la sobrecargada complejidad de nuestro mundo moderno y la b\u00fasqueda humana de la simplificaci\u00f3n y la seguridad.\u00a0Si un n\u00famero suficiente de personas trata al mundo con responsabilidad y atenci\u00f3n, entonces el mundo todav\u00eda puede salvarse, entonces podremos superar la crisis clim\u00e1tica y los desaf\u00edos ecol\u00f3gicos. Hag\u00e1moslo juntos!<\/p>\n<p style=\"background-color: transparent; border-color: #333333; border-style: solid; border-image: none 100% \/ 1 \/ 0 stretch; color: #111111; font-size: 16px; font-style: normal; font-variant: normal; font-weight: 400; -webkit-tap-highlight-color: transparent;\">\n","protected":false},"excerpt":{"rendered":"<p>Warming Stripes for 1850-2018 using the WMO annual global temperature dataset Graphics by\u00a0Ed Hawkins.\u00a0 https:\/\/www.climate-lab-book.ac.uk\/ En vez de presentar los sistemas y las posibildades para la implementaci\u00f3n de una transici\u00f3n energ\u00e9tica y la protecci\u00f3n del clima, aqui est\u00e1\u00a0mi perspectiva sobre la crisis clim\u00e1tica y los cambios que son necesarios.\u00a0\u00a0 Crisis clim\u00e1tica\u00a0El uso de energ\u00edas fosiles [&hellip;]<\/p>\n","protected":false},"author":1,"featured_media":0,"parent":0,"menu_order":0,"comment_status":"closed","ping_status":"closed","template":"elementor_header_footer","meta":{"ocean_post_layout":"","ocean_both_sidebars_style":"","ocean_both_sidebars_content_width":0,"ocean_both_sidebars_sidebars_width":0,"ocean_sidebar":"0","ocean_second_sidebar":"0","ocean_disable_margins":"enable","ocean_add_body_class":"","ocean_shortcode_before_top_bar":"","ocean_shortcode_after_top_bar":"","ocean_shortcode_before_header":"","ocean_shortcode_after_header":"","ocean_has_shortcode":"","ocean_shortcode_after_title":"","ocean_shortcode_before_footer_widgets":"","ocean_shortcode_after_footer_widgets":"","ocean_shortcode_before_footer_bottom":"","ocean_shortcode_after_footer_bottom":"","ocean_display_top_bar":"default","ocean_display_header":"default","ocean_header_style":"","ocean_center_header_left_menu":"0","ocean_custom_header_template":"0","ocean_custom_logo":0,"ocean_custom_retina_logo":0,"ocean_custom_logo_max_width":0,"ocean_custom_logo_tablet_max_width":0,"ocean_custom_logo_mobile_max_width":0,"ocean_custom_logo_max_height":0,"ocean_custom_logo_tablet_max_height":0,"ocean_custom_logo_mobile_max_height":0,"ocean_header_custom_menu":"0","ocean_menu_typo_font_family":"0","ocean_menu_typo_font_subset":"","ocean_menu_typo_font_size":0,"ocean_menu_typo_font_size_tablet":0,"ocean_menu_typo_font_size_mobile":0,"ocean_menu_typo_font_size_unit":"px","ocean_menu_typo_font_weight":"","ocean_menu_typo_font_weight_tablet":"","ocean_menu_typo_font_weight_mobile":"","ocean_menu_typo_transform":"","ocean_menu_typo_transform_tablet":"","ocean_menu_typo_transform_mobile":"","ocean_menu_typo_line_height":0,"ocean_menu_typo_line_height_tablet":0,"ocean_menu_typo_line_height_mobile":0,"ocean_menu_typo_line_height_unit":"","ocean_menu_typo_spacing":0,"ocean_menu_typo_spacing_tablet":0,"ocean_menu_typo_spacing_mobile":0,"ocean_menu_typo_spacing_unit":"","ocean_menu_link_color":"","ocean_menu_link_color_hover":"","ocean_menu_link_color_active":"","ocean_menu_link_background":"","ocean_menu_link_hover_background":"","ocean_menu_link_active_background":"","ocean_menu_social_links_bg":"","ocean_menu_social_hover_links_bg":"","ocean_menu_social_links_color":"","ocean_menu_social_hover_links_color":"","ocean_disable_title":"default","ocean_disable_heading":"default","ocean_post_title":"","ocean_post_subheading":"","ocean_post_title_style":"","ocean_post_title_background_color":"","ocean_post_title_background":0,"ocean_post_title_bg_image_position":"","ocean_post_title_bg_image_attachment":"","ocean_post_title_bg_image_repeat":"","ocean_post_title_bg_image_size":"","ocean_post_title_height":0,"ocean_post_title_bg_overlay":0.5,"ocean_post_title_bg_overlay_color":"","ocean_disable_breadcrumbs":"default","ocean_breadcrumbs_color":"","ocean_breadcrumbs_separator_color":"","ocean_breadcrumbs_links_color":"","ocean_breadcrumbs_links_hover_color":"","ocean_display_footer_widgets":"default","ocean_display_footer_bottom":"default","ocean_custom_footer_template":"0","footnotes":""},"class_list":["post-25","page","type-page","status-publish","hentry","entry"],"translation":{"provider":"WPGlobus","version":"3.0.0","language":"es","enabled_languages":["de","gb","es"],"languages":{"de":{"title":true,"content":true,"excerpt":false},"gb":{"title":true,"content":true,"excerpt":false},"es":{"title":true,"content":true,"excerpt":false}}},"_links":{"self":[{"href":"https:\/\/hwgress.de\/es\/wp-json\/wp\/v2\/pages\/25","targetHints":{"allow":["GET"]}}],"collection":[{"href":"https:\/\/hwgress.de\/es\/wp-json\/wp\/v2\/pages"}],"about":[{"href":"https:\/\/hwgress.de\/es\/wp-json\/wp\/v2\/types\/page"}],"author":[{"embeddable":true,"href":"https:\/\/hwgress.de\/es\/wp-json\/wp\/v2\/users\/1"}],"replies":[{"embeddable":true,"href":"https:\/\/hwgress.de\/es\/wp-json\/wp\/v2\/comments?post=25"}],"version-history":[{"count":67,"href":"https:\/\/hwgress.de\/es\/wp-json\/wp\/v2\/pages\/25\/revisions"}],"predecessor-version":[{"id":327,"href":"https:\/\/hwgress.de\/es\/wp-json\/wp\/v2\/pages\/25\/revisions\/327"}],"wp:attachment":[{"href":"https:\/\/hwgress.de\/es\/wp-json\/wp\/v2\/media?parent=25"}],"curies":[{"name":"wp","href":"https:\/\/api.w.org\/{rel}","templated":true}]}}